{"id":127,"date":"2020-03-07T11:08:55","date_gmt":"2020-03-07T11:08:55","guid":{"rendered":"http:\/\/v62vo6a2ovfimlcr.myfritz.net\/wordpress\/?page_id=127"},"modified":"2021-01-18T11:27:17","modified_gmt":"2021-01-18T11:27:17","slug":"zusatz-service","status":"publish","type":"page","link":"https:\/\/xn--stdter-inneneinrichtungen-mec.de\/WP\/?page_id=127","title":{"rendered":"zusatz Service"},"content":{"rendered":"<p><strong>\u00a0\u00a0Kleine P<\/strong><strong>olster<\/strong><strong>arbeiten!<\/strong><\/p>\n<ul>\n<li>Neubezug von Sitzauflagen f\u00fcr den Innen- und Au\u00dfenbereich,<\/li>\n<li>gro\u00dfe Auswahl an Schaumstoffqualit\u00e4ten, Zuschnitt nach Ma\u00df, verschiedene Sitzst\u00e4rken,<\/li>\n<li>Anfertigung von Stuhlhussen, Couch- und Sessel\u00fcberw\u00fcrfen<\/li>\n<li>Tagesdecken werden individuell nach Ma\u00df konfektioniert.<\/li>\n<\/ul>\n<p>Patchworkstoffe f\u00fcr Taschen, Kissen und Tischdecken.<\/p>\n\n\t\t<style type=\"text\/css\">\n\t\t\t#gallery-1 {\n\t\t\t\tmargin: auto;\n\t\t\t}\n\t\t\t#gallery-1 .gallery-item {\n\t\t\t\tfloat: left;\n\t\t\t\tmargin-top: 10px;\n\t\t\t\ttext-align: center;\n\t\t\t\twidth: 50%;\n\t\t\t}\n\t\t\t#gallery-1 img {\n\t\t\t\tborder: 2px solid #cfcfcf;\n\t\t\t}\n\t\t\t#gallery-1 .gallery-caption {\n\t\t\t\tmargin-left: 0;\n\t\t\t}\n\t\t\t\/* see gallery_shortcode() in wp-includes\/media.php *\/\n\t\t<\/style>\n\t\t<div id='gallery-1' class='gallery galleryid-127 gallery-columns-2 gallery-size-medium'><dl class='gallery-item'>\n\t\t\t<dt class='gallery-icon landscape'>\n\t\t\t\t<a href='https:\/\/xn--stdter-inneneinrichtungen-mec.de\/WP\/?attachment_id=175'><img width=\"300\" height=\"195\" src=\"https:\/\/xn--stdter-inneneinrichtungen-mec.de\/WP\/wp-content\/uploads\/2020\/03\/p1-300x195.jpg\" class=\"attachment-medium size-medium\" alt=\"\" loading=\"lazy\" srcset=\"https:\/\/xn--stdter-inneneinrichtungen-mec.de\/WP\/wp-content\/uploads\/2020\/03\/p1-300x195.jpg 300w, https:\/\/xn--stdter-inneneinrichtungen-mec.de\/WP\/wp-content\/uploads\/2020\/03\/p1-1024x664.jpg 1024w, https:\/\/xn--stdter-inneneinrichtungen-mec.de\/WP\/wp-content\/uploads\/2020\/03\/p1-768x498.jpg 768w, https:\/\/xn--stdter-inneneinrichtungen-mec.de\/WP\/wp-content\/uploads\/2020\/03\/p1-540x350.jpg 540w, https:\/\/xn--stdter-inneneinrichtungen-mec.de\/WP\/wp-content\/uploads\/2020\/03\/p1-150x97.jpg 150w, https:\/\/xn--stdter-inneneinrichtungen-mec.de\/WP\/wp-content\/uploads\/2020\/03\/p1.jpg 1184w\" sizes=\"(max-width: 300px) 100vw, 300px\" \/><\/a>\n\t\t\t<\/dt><\/dl><dl class='gallery-item'>\n\t\t\t<dt class='gallery-icon landscape'>\n\t\t\t\t<a href='https:\/\/xn--stdter-inneneinrichtungen-mec.de\/WP\/?attachment_id=176'><img width=\"300\" height=\"195\" src=\"https:\/\/xn--stdter-inneneinrichtungen-mec.de\/WP\/wp-content\/uploads\/2020\/03\/p2-300x195.jpg\" class=\"attachment-medium size-medium\" alt=\"\" loading=\"lazy\" srcset=\"https:\/\/xn--stdter-inneneinrichtungen-mec.de\/WP\/wp-content\/uploads\/2020\/03\/p2-300x195.jpg 300w, https:\/\/xn--stdter-inneneinrichtungen-mec.de\/WP\/wp-content\/uploads\/2020\/03\/p2-1024x664.jpg 1024w, https:\/\/xn--stdter-inneneinrichtungen-mec.de\/WP\/wp-content\/uploads\/2020\/03\/p2-768x498.jpg 768w, https:\/\/xn--stdter-inneneinrichtungen-mec.de\/WP\/wp-content\/uploads\/2020\/03\/p2-540x350.jpg 540w, https:\/\/xn--stdter-inneneinrichtungen-mec.de\/WP\/wp-content\/uploads\/2020\/03\/p2-150x97.jpg 150w, https:\/\/xn--stdter-inneneinrichtungen-mec.de\/WP\/wp-content\/uploads\/2020\/03\/p2.jpg 1184w\" sizes=\"(max-width: 300px) 100vw, 300px\" \/><\/a>\n\t\t\t<\/dt><\/dl><br style=\"clear: both\" \/>\n\t\t<\/div>\n\n\n\t\t<style type=\"text\/css\">\n\t\t\t#gallery-2 {\n\t\t\t\tmargin: auto;\n\t\t\t}\n\t\t\t#gallery-2 .gallery-item {\n\t\t\t\tfloat: left;\n\t\t\t\tmargin-top: 10px;\n\t\t\t\ttext-align: center;\n\t\t\t\twidth: 50%;\n\t\t\t}\n\t\t\t#gallery-2 img {\n\t\t\t\tborder: 2px solid #cfcfcf;\n\t\t\t}\n\t\t\t#gallery-2 .gallery-caption {\n\t\t\t\tmargin-left: 0;\n\t\t\t}\n\t\t\t\/* see gallery_shortcode() in wp-includes\/media.php *\/\n\t\t<\/style>\n\t\t<div id='gallery-2' class='gallery galleryid-127 gallery-columns-2 gallery-size-medium'><dl class='gallery-item'>\n\t\t\t<dt class='gallery-icon landscape'>\n\t\t\t\t<a href='https:\/\/xn--stdter-inneneinrichtungen-mec.de\/WP\/?attachment_id=135'><img width=\"300\" height=\"169\" src=\"https:\/\/xn--stdter-inneneinrichtungen-mec.de\/WP\/wp-content\/uploads\/2020\/03\/z2-300x169.jpg\" class=\"attachment-medium size-medium\" alt=\"\" loading=\"lazy\" srcset=\"https:\/\/xn--stdter-inneneinrichtungen-mec.de\/WP\/wp-content\/uploads\/2020\/03\/z2-300x169.jpg 300w, https:\/\/xn--stdter-inneneinrichtungen-mec.de\/WP\/wp-content\/uploads\/2020\/03\/z2-1024x576.jpg 1024w, https:\/\/xn--stdter-inneneinrichtungen-mec.de\/WP\/wp-content\/uploads\/2020\/03\/z2-768x432.jpg 768w, https:\/\/xn--stdter-inneneinrichtungen-mec.de\/WP\/wp-content\/uploads\/2020\/03\/z2-622x350.jpg 622w, https:\/\/xn--stdter-inneneinrichtungen-mec.de\/WP\/wp-content\/uploads\/2020\/03\/z2-150x84.jpg 150w, https:\/\/xn--stdter-inneneinrichtungen-mec.de\/WP\/wp-content\/uploads\/2020\/03\/z2.jpg 1500w\" sizes=\"(max-width: 300px) 100vw, 300px\" \/><\/a>\n\t\t\t<\/dt><\/dl><dl class='gallery-item'>\n\t\t\t<dt class='gallery-icon landscape'>\n\t\t\t\t<a href='https:\/\/xn--stdter-inneneinrichtungen-mec.de\/WP\/?attachment_id=136'><img width=\"300\" height=\"169\" src=\"https:\/\/xn--stdter-inneneinrichtungen-mec.de\/WP\/wp-content\/uploads\/2020\/03\/z3-300x169.jpg\" class=\"attachment-medium size-medium\" alt=\"\" loading=\"lazy\" srcset=\"https:\/\/xn--stdter-inneneinrichtungen-mec.de\/WP\/wp-content\/uploads\/2020\/03\/z3-300x169.jpg 300w, https:\/\/xn--stdter-inneneinrichtungen-mec.de\/WP\/wp-content\/uploads\/2020\/03\/z3-1024x576.jpg 1024w, https:\/\/xn--stdter-inneneinrichtungen-mec.de\/WP\/wp-content\/uploads\/2020\/03\/z3-768x432.jpg 768w, https:\/\/xn--stdter-inneneinrichtungen-mec.de\/WP\/wp-content\/uploads\/2020\/03\/z3-622x350.jpg 622w, https:\/\/xn--stdter-inneneinrichtungen-mec.de\/WP\/wp-content\/uploads\/2020\/03\/z3-150x84.jpg 150w, https:\/\/xn--stdter-inneneinrichtungen-mec.de\/WP\/wp-content\/uploads\/2020\/03\/z3.jpg 1500w\" sizes=\"(max-width: 300px) 100vw, 300px\" \/><\/a>\n\t\t\t<\/dt><\/dl><br style=\"clear: both\" \/>\n\t\t<\/div>\n\n","protected":false},"excerpt":{"rendered":"<p>\u00a0\u00a0Kleine Polsterarbeiten! Neubezug von Sitzauflagen f\u00fcr den Innen- und Au\u00dfenbereich, gro\u00dfe Auswahl an Schaumstoffqualit\u00e4ten, Zuschnitt nach Ma\u00df, verschiedene Sitzst\u00e4rken, Anfertigung von Stuhlhussen, Couch- und Sessel\u00fcberw\u00fcrfen Tagesdecken werden individuell nach Ma\u00df konfektioniert. Patchworkstoffe f\u00fcr Taschen, Kissen und Tischdecken. <a class=\"continue-reading-link\" href=\"https:\/\/xn--stdter-inneneinrichtungen-mec.de\/WP\/?page_id=127\">Continue reading<\/a><\/p>\n","protected":false},"author":2,"featured_media":0,"parent":0,"menu_order":6,"comment_status":"closed","ping_status":"closed","template":"","meta":[],"_links":{"self":[{"href":"https:\/\/xn--stdter-inneneinrichtungen-mec.de\/WP\/index.php?rest_route=\/wp\/v2\/pages\/127"}],"collection":[{"href":"https:\/\/xn--stdter-inneneinrichtungen-mec.de\/WP\/index.php?rest_route=\/wp\/v2\/pages"}],"about":[{"href":"https:\/\/xn--stdter-inneneinrichtungen-mec.de\/WP\/index.php?rest_route=\/wp\/v2\/types\/page"}],"author":[{"embeddable":true,"href":"https:\/\/xn--stdter-inneneinrichtungen-mec.de\/WP\/index.php?rest_route=\/wp\/v2\/users\/2"}],"replies":[{"embeddable":true,"href":"https:\/\/xn--stdter-inneneinrichtungen-mec.de\/WP\/index.php?rest_route=%2Fwp%2Fv2%2Fcomments&post=127"}],"version-history":[{"count":2,"href":"https:\/\/xn--stdter-inneneinrichtungen-mec.de\/WP\/index.php?rest_route=\/wp\/v2\/pages\/127\/revisions"}],"predecessor-version":[{"id":198,"href":"https:\/\/xn--stdter-inneneinrichtungen-mec.de\/WP\/index.php?rest_route=\/wp\/v2\/pages\/127\/revisions\/198"}],"wp:attachment":[{"href":"https:\/\/xn--stdter-inneneinrichtungen-mec.de\/WP\/index.php?rest_route=%2Fwp%2Fv2%2Fmedia&parent=127"}],"curies":[{"name":"wp","href":"https:\/\/api.w.org\/{rel}","templated":true}]}}