{"id":40,"date":"2020-01-27T21:04:07","date_gmt":"2020-01-27T21:04:07","guid":{"rendered":"http:\/\/v62vo6a2ovfimlcr.myfritz.net\/wordpress\/?page_id=40"},"modified":"2021-01-18T07:34:14","modified_gmt":"2021-01-18T07:34:14","slug":"bodenbelag","status":"publish","type":"page","link":"https:\/\/xn--stdter-inneneinrichtungen-mec.de\/WP\/?page_id=40","title":{"rendered":"Bodenbel\u00e4ge"},"content":{"rendered":"<p><strong>Innovative Bodenbel\u00e4ge f\u00fcr alle Bereiche!<\/strong><\/p>\n<ul>\n<li>Teppichboden<\/li>\n<li>Laminat<\/li>\n<li>CV-Bel\u00e4ge<\/li>\n<li>Designb\u00f6den<\/li>\n<li>Sauberlaufzonen<\/li>\n<li>Kunststoffrasenbel\u00e4ge<\/li>\n<li>L\u00e4ufer und Stufenmatten<\/li>\n<\/ul>\n<p><a href=\"https:\/\/www.joka.de\" target=\"_blank\" rel=\"noopener\">www.joka.de<\/a><\/p>\n<p><strong>Service<\/strong><\/p>\n<ul>\n<li>Aufma\u00df vor Ort (Kostenlos)<\/li>\n<li>fachgerechte Verlegearbeiten<\/li>\n<li>Eine noch gr\u00f6\u00dfere Auswahl an Bodenbel\u00e4gen k\u00f6nnen sich unsere Kunden auch sehr gern bei unserem Gro\u00dfh\u00e4ndler Firma JOKA gleich in der N\u00e4he anschauen<\/li>\n<\/ul>\n<p>Behaglichkeit durch viel Komfort!<\/p>\n\n\t\t<style type=\"text\/css\">\n\t\t\t#gallery-1 {\n\t\t\t\tmargin: auto;\n\t\t\t}\n\t\t\t#gallery-1 .gallery-item {\n\t\t\t\tfloat: left;\n\t\t\t\tmargin-top: 10px;\n\t\t\t\ttext-align: center;\n\t\t\t\twidth: 50%;\n\t\t\t}\n\t\t\t#gallery-1 img {\n\t\t\t\tborder: 2px solid #cfcfcf;\n\t\t\t}\n\t\t\t#gallery-1 .gallery-caption {\n\t\t\t\tmargin-left: 0;\n\t\t\t}\n\t\t\t\/* see gallery_shortcode() in wp-includes\/media.php *\/\n\t\t<\/style>\n\t\t<div id='gallery-1' class='gallery galleryid-40 gallery-columns-2 gallery-size-medium'><dl class='gallery-item'>\n\t\t\t<dt class='gallery-icon landscape'>\n\t\t\t\t<a href='https:\/\/xn--stdter-inneneinrichtungen-mec.de\/WP\/?attachment_id=169'><img width=\"300\" height=\"210\" src=\"https:\/\/xn--stdter-inneneinrichtungen-mec.de\/WP\/wp-content\/uploads\/2020\/03\/IMG_20200314_101527-300x210.jpg\" class=\"attachment-medium size-medium\" alt=\"\" loading=\"lazy\" srcset=\"https:\/\/xn--stdter-inneneinrichtungen-mec.de\/WP\/wp-content\/uploads\/2020\/03\/IMG_20200314_101527-300x210.jpg 300w, https:\/\/xn--stdter-inneneinrichtungen-mec.de\/WP\/wp-content\/uploads\/2020\/03\/IMG_20200314_101527-1024x717.jpg 1024w, https:\/\/xn--stdter-inneneinrichtungen-mec.de\/WP\/wp-content\/uploads\/2020\/03\/IMG_20200314_101527-768x538.jpg 768w, https:\/\/xn--stdter-inneneinrichtungen-mec.de\/WP\/wp-content\/uploads\/2020\/03\/IMG_20200314_101527-500x350.jpg 500w, https:\/\/xn--stdter-inneneinrichtungen-mec.de\/WP\/wp-content\/uploads\/2020\/03\/IMG_20200314_101527-150x105.jpg 150w, https:\/\/xn--stdter-inneneinrichtungen-mec.de\/WP\/wp-content\/uploads\/2020\/03\/IMG_20200314_101527.jpg 1097w\" sizes=\"(max-width: 300px) 100vw, 300px\" \/><\/a>\n\t\t\t<\/dt><\/dl><dl class='gallery-item'>\n\t\t\t<dt class='gallery-icon landscape'>\n\t\t\t\t<a href='https:\/\/xn--stdter-inneneinrichtungen-mec.de\/WP\/?attachment_id=168'><img width=\"300\" height=\"199\" src=\"https:\/\/xn--stdter-inneneinrichtungen-mec.de\/WP\/wp-content\/uploads\/2020\/03\/IMG_20200314_101655-300x199.jpg\" class=\"attachment-medium size-medium\" alt=\"\" loading=\"lazy\" srcset=\"https:\/\/xn--stdter-inneneinrichtungen-mec.de\/WP\/wp-content\/uploads\/2020\/03\/IMG_20200314_101655-300x199.jpg 300w, https:\/\/xn--stdter-inneneinrichtungen-mec.de\/WP\/wp-content\/uploads\/2020\/03\/IMG_20200314_101655-1024x679.jpg 1024w, https:\/\/xn--stdter-inneneinrichtungen-mec.de\/WP\/wp-content\/uploads\/2020\/03\/IMG_20200314_101655-768x509.jpg 768w, https:\/\/xn--stdter-inneneinrichtungen-mec.de\/WP\/wp-content\/uploads\/2020\/03\/IMG_20200314_101655-528x350.jpg 528w, https:\/\/xn--stdter-inneneinrichtungen-mec.de\/WP\/wp-content\/uploads\/2020\/03\/IMG_20200314_101655-150x99.jpg 150w, https:\/\/xn--stdter-inneneinrichtungen-mec.de\/WP\/wp-content\/uploads\/2020\/03\/IMG_20200314_101655.jpg 1159w\" sizes=\"(max-width: 300px) 100vw, 300px\" \/><\/a>\n\t\t\t<\/dt><\/dl><br style=\"clear: both\" \/>\n\t\t<\/div>\n\n","protected":false},"excerpt":{"rendered":"<p>Innovative Bodenbel\u00e4ge f\u00fcr alle Bereiche! Teppichboden Laminat CV-Bel\u00e4ge Designb\u00f6den Sauberlaufzonen Kunststoffrasenbel\u00e4ge L\u00e4ufer und Stufenmatten www.joka.de Service Aufma\u00df vor Ort (Kostenlos) fachgerechte Verlegearbeiten Eine noch gr\u00f6\u00dfere Auswahl an Bodenbel\u00e4gen k\u00f6nnen sich unsere Kunden auch sehr gern bei unserem Gro\u00dfh\u00e4ndler Firma JOKA gleich in der N\u00e4he anschauen Behaglichkeit durch viel Komfort! <a class=\"continue-reading-link\" href=\"https:\/\/xn--stdter-inneneinrichtungen-mec.de\/WP\/?page_id=40\">Continue reading<\/a><\/p>\n","protected":false},"author":1,"featured_media":0,"parent":0,"menu_order":5,"comment_status":"closed","ping_status":"closed","template":"","meta":[],"_links":{"self":[{"href":"https:\/\/xn--stdter-inneneinrichtungen-mec.de\/WP\/index.php?rest_route=\/wp\/v2\/pages\/40"}],"collection":[{"href":"https:\/\/xn--stdter-inneneinrichtungen-mec.de\/WP\/index.php?rest_route=\/wp\/v2\/pages"}],"about":[{"href":"https:\/\/xn--stdter-inneneinrichtungen-mec.de\/WP\/index.php?rest_route=\/wp\/v2\/types\/page"}],"author":[{"embeddable":true,"href":"https:\/\/xn--stdter-inneneinrichtungen-mec.de\/WP\/index.php?rest_route=\/wp\/v2\/users\/1"}],"replies":[{"embeddable":true,"href":"https:\/\/xn--stdter-inneneinrichtungen-mec.de\/WP\/index.php?rest_route=%2Fwp%2Fv2%2Fcomments&post=40"}],"version-history":[{"count":1,"href":"https:\/\/xn--stdter-inneneinrichtungen-mec.de\/WP\/index.php?rest_route=\/wp\/v2\/pages\/40\/revisions"}],"predecessor-version":[{"id":193,"href":"https:\/\/xn--stdter-inneneinrichtungen-mec.de\/WP\/index.php?rest_route=\/wp\/v2\/pages\/40\/revisions\/193"}],"wp:attachment":[{"href":"https:\/\/xn--stdter-inneneinrichtungen-mec.de\/WP\/index.php?rest_route=%2Fwp%2Fv2%2Fmedia&parent=40"}],"curies":[{"name":"wp","href":"https:\/\/api.w.org\/{rel}","templated":true}]}}