{"id":42,"date":"2020-01-27T21:06:21","date_gmt":"2020-01-27T21:06:21","guid":{"rendered":"http:\/\/v62vo6a2ovfimlcr.myfritz.net\/wordpress\/?page_id=42"},"modified":"2021-01-18T07:33:44","modified_gmt":"2021-01-18T07:33:44","slug":"gardinen","status":"publish","type":"page","link":"https:\/\/xn--stdter-inneneinrichtungen-mec.de\/WP\/?page_id=42","title":{"rendered":"Gardinen"},"content":{"rendered":"<p><strong>Mit viel Feingef\u00fchl und 30-j\u00e4hriger Erfahrung erstellen wir auf Wunsch Ihre Traumgardine nach Ma\u00df.<\/strong><\/p>\n<p>In unserem gro\u00dfen Sortiment finden Sie auch eine Vielzahl verschiedener<\/p>\n<p>Schienen-\/Stangensysteme und dessen Zubeh\u00f6r.<\/p>\n<p><a href=\"https:\/\/www.erfal.de\" target=\"_blank\" rel=\"noopener\">www.erfal.de<\/a>&nbsp;&nbsp; <a href=\"https:\/\/www.al-designhaus.de\" target=\"_blank\" rel=\"noopener\">www.al-designhaus.de<\/a>&nbsp; <a href=\"https:\/\/www.schrader-raumgestaltung.de\" target=\"_blank\" rel=\"noopener\">www.schrader-raumgestaltung.de<\/a><\/p>\n<p><strong>Service<\/strong><\/p>\n<ul>\n<li>Aufma\u00df vor Ort (Kostenlos)<\/li>\n<li>pers\u00f6nliche Beratung im Gesch\u00e4ft und vor Ort<\/li>\n<li>schnelle und faire Angebote<\/li>\n<li>Anfertigung und Anlieferung<\/li>\n<li>s\u00e4mtliche Montagearbeiten in fachgerechter Ausf\u00fchrung<\/li>\n<li>N\u00e4harbeiten in unserem hauseigenen N\u00e4hstudio<\/li>\n<li>Verleih von Stoffmustern<\/li>\n<\/ul>\n<p><strong>Gardinenreinigung<\/strong><\/p>\n<ul>\n<li>Abholung, Reinigung, Dekoration, \u00c4nderung vorhandener Dekorationen<\/li>\n<li>vom Fachh\u00e4ndler empfohlenes Gardinen Waschmittel ist bei uns selbstverst\u00e4ndlich erh\u00e4ltlich<\/li>\n<\/ul>\n<p>Lassen Sie sich zu neuen Wohnideen inspirieren!<\/p>\n\n\t\t<style type=\"text\/css\">\n\t\t\t#gallery-1 {\n\t\t\t\tmargin: auto;\n\t\t\t}\n\t\t\t#gallery-1 .gallery-item {\n\t\t\t\tfloat: left;\n\t\t\t\tmargin-top: 10px;\n\t\t\t\ttext-align: center;\n\t\t\t\twidth: 50%;\n\t\t\t}\n\t\t\t#gallery-1 img {\n\t\t\t\tborder: 2px solid #cfcfcf;\n\t\t\t}\n\t\t\t#gallery-1 .gallery-caption {\n\t\t\t\tmargin-left: 0;\n\t\t\t}\n\t\t\t\/* see gallery_shortcode() in wp-includes\/media.php *\/\n\t\t<\/style>\n\t\t<div id='gallery-1' class='gallery galleryid-42 gallery-columns-2 gallery-size-medium'><dl class='gallery-item'>\n\t\t\t<dt class='gallery-icon landscape'>\n\t\t\t\t<a href='https:\/\/xn--stdter-inneneinrichtungen-mec.de\/WP\/?attachment_id=148'><img width=\"300\" height=\"225\" src=\"https:\/\/xn--stdter-inneneinrichtungen-mec.de\/WP\/wp-content\/uploads\/2020\/03\/g7-300x225.jpg\" class=\"attachment-medium size-medium\" alt=\"\" loading=\"lazy\" srcset=\"https:\/\/xn--stdter-inneneinrichtungen-mec.de\/WP\/wp-content\/uploads\/2020\/03\/g7-300x225.jpg 300w, https:\/\/xn--stdter-inneneinrichtungen-mec.de\/WP\/wp-content\/uploads\/2020\/03\/g7-1024x768.jpg 1024w, https:\/\/xn--stdter-inneneinrichtungen-mec.de\/WP\/wp-content\/uploads\/2020\/03\/g7-768x576.jpg 768w, https:\/\/xn--stdter-inneneinrichtungen-mec.de\/WP\/wp-content\/uploads\/2020\/03\/g7-467x350.jpg 467w, https:\/\/xn--stdter-inneneinrichtungen-mec.de\/WP\/wp-content\/uploads\/2020\/03\/g7-150x113.jpg 150w, https:\/\/xn--stdter-inneneinrichtungen-mec.de\/WP\/wp-content\/uploads\/2020\/03\/g7.jpg 1500w\" sizes=\"(max-width: 300px) 100vw, 300px\" \/><\/a>\n\t\t\t<\/dt><\/dl><dl class='gallery-item'>\n\t\t\t<dt class='gallery-icon landscape'>\n\t\t\t\t<a href='https:\/\/xn--stdter-inneneinrichtungen-mec.de\/WP\/?attachment_id=147'><img width=\"300\" height=\"225\" src=\"https:\/\/xn--stdter-inneneinrichtungen-mec.de\/WP\/wp-content\/uploads\/2020\/03\/g6-300x225.jpg\" class=\"attachment-medium size-medium\" alt=\"\" loading=\"lazy\" srcset=\"https:\/\/xn--stdter-inneneinrichtungen-mec.de\/WP\/wp-content\/uploads\/2020\/03\/g6-300x225.jpg 300w, https:\/\/xn--stdter-inneneinrichtungen-mec.de\/WP\/wp-content\/uploads\/2020\/03\/g6-1024x768.jpg 1024w, https:\/\/xn--stdter-inneneinrichtungen-mec.de\/WP\/wp-content\/uploads\/2020\/03\/g6-768x576.jpg 768w, https:\/\/xn--stdter-inneneinrichtungen-mec.de\/WP\/wp-content\/uploads\/2020\/03\/g6-467x350.jpg 467w, https:\/\/xn--stdter-inneneinrichtungen-mec.de\/WP\/wp-content\/uploads\/2020\/03\/g6-150x113.jpg 150w, https:\/\/xn--stdter-inneneinrichtungen-mec.de\/WP\/wp-content\/uploads\/2020\/03\/g6.jpg 1500w\" sizes=\"(max-width: 300px) 100vw, 300px\" \/><\/a>\n\t\t\t<\/dt><\/dl><br style=\"clear: both\" \/><dl class='gallery-item'>\n\t\t\t<dt class='gallery-icon landscape'>\n\t\t\t\t<a href='https:\/\/xn--stdter-inneneinrichtungen-mec.de\/WP\/?attachment_id=146'><img width=\"300\" height=\"225\" src=\"https:\/\/xn--stdter-inneneinrichtungen-mec.de\/WP\/wp-content\/uploads\/2020\/03\/g5-300x225.jpg\" class=\"attachment-medium size-medium\" alt=\"\" loading=\"lazy\" srcset=\"https:\/\/xn--stdter-inneneinrichtungen-mec.de\/WP\/wp-content\/uploads\/2020\/03\/g5-300x225.jpg 300w, https:\/\/xn--stdter-inneneinrichtungen-mec.de\/WP\/wp-content\/uploads\/2020\/03\/g5-1024x768.jpg 1024w, https:\/\/xn--stdter-inneneinrichtungen-mec.de\/WP\/wp-content\/uploads\/2020\/03\/g5-768x576.jpg 768w, https:\/\/xn--stdter-inneneinrichtungen-mec.de\/WP\/wp-content\/uploads\/2020\/03\/g5-467x350.jpg 467w, https:\/\/xn--stdter-inneneinrichtungen-mec.de\/WP\/wp-content\/uploads\/2020\/03\/g5-150x113.jpg 150w, https:\/\/xn--stdter-inneneinrichtungen-mec.de\/WP\/wp-content\/uploads\/2020\/03\/g5.jpg 1500w\" sizes=\"(max-width: 300px) 100vw, 300px\" \/><\/a>\n\t\t\t<\/dt><\/dl><dl class='gallery-item'>\n\t\t\t<dt class='gallery-icon landscape'>\n\t\t\t\t<a href='https:\/\/xn--stdter-inneneinrichtungen-mec.de\/WP\/?attachment_id=144'><img width=\"300\" height=\"225\" src=\"https:\/\/xn--stdter-inneneinrichtungen-mec.de\/WP\/wp-content\/uploads\/2020\/03\/g3-300x225.jpg\" class=\"attachment-medium size-medium\" alt=\"\" loading=\"lazy\" srcset=\"https:\/\/xn--stdter-inneneinrichtungen-mec.de\/WP\/wp-content\/uploads\/2020\/03\/g3-300x225.jpg 300w, https:\/\/xn--stdter-inneneinrichtungen-mec.de\/WP\/wp-content\/uploads\/2020\/03\/g3-1024x768.jpg 1024w, https:\/\/xn--stdter-inneneinrichtungen-mec.de\/WP\/wp-content\/uploads\/2020\/03\/g3-768x576.jpg 768w, https:\/\/xn--stdter-inneneinrichtungen-mec.de\/WP\/wp-content\/uploads\/2020\/03\/g3-467x350.jpg 467w, https:\/\/xn--stdter-inneneinrichtungen-mec.de\/WP\/wp-content\/uploads\/2020\/03\/g3-150x113.jpg 150w, https:\/\/xn--stdter-inneneinrichtungen-mec.de\/WP\/wp-content\/uploads\/2020\/03\/g3.jpg 1500w\" sizes=\"(max-width: 300px) 100vw, 300px\" \/><\/a>\n\t\t\t<\/dt><\/dl><br style=\"clear: both\" \/><dl class='gallery-item'>\n\t\t\t<dt class='gallery-icon landscape'>\n\t\t\t\t<a href='https:\/\/xn--stdter-inneneinrichtungen-mec.de\/WP\/?attachment_id=145'><img width=\"300\" height=\"225\" src=\"https:\/\/xn--stdter-inneneinrichtungen-mec.de\/WP\/wp-content\/uploads\/2020\/03\/g4-300x225.jpg\" class=\"attachment-medium size-medium\" alt=\"\" loading=\"lazy\" srcset=\"https:\/\/xn--stdter-inneneinrichtungen-mec.de\/WP\/wp-content\/uploads\/2020\/03\/g4-300x225.jpg 300w, https:\/\/xn--stdter-inneneinrichtungen-mec.de\/WP\/wp-content\/uploads\/2020\/03\/g4-1024x768.jpg 1024w, https:\/\/xn--stdter-inneneinrichtungen-mec.de\/WP\/wp-content\/uploads\/2020\/03\/g4-768x576.jpg 768w, https:\/\/xn--stdter-inneneinrichtungen-mec.de\/WP\/wp-content\/uploads\/2020\/03\/g4-467x350.jpg 467w, https:\/\/xn--stdter-inneneinrichtungen-mec.de\/WP\/wp-content\/uploads\/2020\/03\/g4-150x113.jpg 150w, https:\/\/xn--stdter-inneneinrichtungen-mec.de\/WP\/wp-content\/uploads\/2020\/03\/g4.jpg 1500w\" sizes=\"(max-width: 300px) 100vw, 300px\" \/><\/a>\n\t\t\t<\/dt><\/dl><dl class='gallery-item'>\n\t\t\t<dt class='gallery-icon landscape'>\n\t\t\t\t<a href='https:\/\/xn--stdter-inneneinrichtungen-mec.de\/WP\/?attachment_id=141'><img width=\"300\" height=\"225\" src=\"https:\/\/xn--stdter-inneneinrichtungen-mec.de\/WP\/wp-content\/uploads\/2020\/03\/g8-300x225.jpg\" class=\"attachment-medium size-medium\" alt=\"\" loading=\"lazy\" srcset=\"https:\/\/xn--stdter-inneneinrichtungen-mec.de\/WP\/wp-content\/uploads\/2020\/03\/g8-300x225.jpg 300w, https:\/\/xn--stdter-inneneinrichtungen-mec.de\/WP\/wp-content\/uploads\/2020\/03\/g8-1024x768.jpg 1024w, https:\/\/xn--stdter-inneneinrichtungen-mec.de\/WP\/wp-content\/uploads\/2020\/03\/g8-768x576.jpg 768w, https:\/\/xn--stdter-inneneinrichtungen-mec.de\/WP\/wp-content\/uploads\/2020\/03\/g8-467x350.jpg 467w, https:\/\/xn--stdter-inneneinrichtungen-mec.de\/WP\/wp-content\/uploads\/2020\/03\/g8-150x113.jpg 150w, https:\/\/xn--stdter-inneneinrichtungen-mec.de\/WP\/wp-content\/uploads\/2020\/03\/g8.jpg 1500w\" sizes=\"(max-width: 300px) 100vw, 300px\" \/><\/a>\n\t\t\t<\/dt><\/dl><br style=\"clear: both\" \/><dl class='gallery-item'>\n\t\t\t<dt class='gallery-icon landscape'>\n\t\t\t\t<a href='https:\/\/xn--stdter-inneneinrichtungen-mec.de\/WP\/?attachment_id=140'><img width=\"300\" height=\"225\" src=\"https:\/\/xn--stdter-inneneinrichtungen-mec.de\/WP\/wp-content\/uploads\/2020\/03\/g9-300x225.jpg\" class=\"attachment-medium size-medium\" alt=\"\" loading=\"lazy\" srcset=\"https:\/\/xn--stdter-inneneinrichtungen-mec.de\/WP\/wp-content\/uploads\/2020\/03\/g9-300x225.jpg 300w, https:\/\/xn--stdter-inneneinrichtungen-mec.de\/WP\/wp-content\/uploads\/2020\/03\/g9-1024x768.jpg 1024w, https:\/\/xn--stdter-inneneinrichtungen-mec.de\/WP\/wp-content\/uploads\/2020\/03\/g9-768x576.jpg 768w, https:\/\/xn--stdter-inneneinrichtungen-mec.de\/WP\/wp-content\/uploads\/2020\/03\/g9-467x350.jpg 467w, https:\/\/xn--stdter-inneneinrichtungen-mec.de\/WP\/wp-content\/uploads\/2020\/03\/g9-150x113.jpg 150w, https:\/\/xn--stdter-inneneinrichtungen-mec.de\/WP\/wp-content\/uploads\/2020\/03\/g9.jpg 1500w\" sizes=\"(max-width: 300px) 100vw, 300px\" \/><\/a>\n\t\t\t<\/dt><\/dl><dl class='gallery-item'>\n\t\t\t<dt class='gallery-icon landscape'>\n\t\t\t\t<a href='https:\/\/xn--stdter-inneneinrichtungen-mec.de\/WP\/?attachment_id=142'><img width=\"300\" height=\"225\" src=\"https:\/\/xn--stdter-inneneinrichtungen-mec.de\/WP\/wp-content\/uploads\/2020\/03\/g1-300x225.jpg\" class=\"attachment-medium size-medium\" alt=\"\" loading=\"lazy\" srcset=\"https:\/\/xn--stdter-inneneinrichtungen-mec.de\/WP\/wp-content\/uploads\/2020\/03\/g1-300x225.jpg 300w, https:\/\/xn--stdter-inneneinrichtungen-mec.de\/WP\/wp-content\/uploads\/2020\/03\/g1-1024x768.jpg 1024w, https:\/\/xn--stdter-inneneinrichtungen-mec.de\/WP\/wp-content\/uploads\/2020\/03\/g1-768x576.jpg 768w, https:\/\/xn--stdter-inneneinrichtungen-mec.de\/WP\/wp-content\/uploads\/2020\/03\/g1-467x350.jpg 467w, https:\/\/xn--stdter-inneneinrichtungen-mec.de\/WP\/wp-content\/uploads\/2020\/03\/g1-150x113.jpg 150w, https:\/\/xn--stdter-inneneinrichtungen-mec.de\/WP\/wp-content\/uploads\/2020\/03\/g1.jpg 1500w\" sizes=\"(max-width: 300px) 100vw, 300px\" \/><\/a>\n\t\t\t<\/dt><\/dl><br style=\"clear: both\" \/>\n\t\t<\/div>\n\n","protected":false},"excerpt":{"rendered":"<p>Mit viel Feingef\u00fchl und 30-j\u00e4hriger Erfahrung erstellen wir auf Wunsch Ihre Traumgardine nach Ma\u00df. In unserem gro\u00dfen Sortiment finden Sie auch eine Vielzahl verschiedener Schienen-\/Stangensysteme und dessen Zubeh\u00f6r. www.erfal.de&nbsp;&nbsp; www.al-designhaus.de&nbsp; www.schrader-raumgestaltung.de Service Aufma\u00df vor Ort (Kostenlos) pers\u00f6nliche Beratung im Gesch\u00e4ft und vor Ort schnelle und faire Angebote Anfertigung und Anlieferung&#8230; <a class=\"continue-reading-link\" href=\"https:\/\/xn--stdter-inneneinrichtungen-mec.de\/WP\/?page_id=42\">Continue reading<\/a><\/p>\n","protected":false},"author":1,"featured_media":0,"parent":0,"menu_order":1,"comment_status":"closed","ping_status":"closed","template":"","meta":[],"_links":{"self":[{"href":"https:\/\/xn--stdter-inneneinrichtungen-mec.de\/WP\/index.php?rest_route=\/wp\/v2\/pages\/42"}],"collection":[{"href":"https:\/\/xn--stdter-inneneinrichtungen-mec.de\/WP\/index.php?rest_route=\/wp\/v2\/pages"}],"about":[{"href":"https:\/\/xn--stdter-inneneinrichtungen-mec.de\/WP\/index.php?rest_route=\/wp\/v2\/types\/page"}],"author":[{"embeddable":true,"href":"https:\/\/xn--stdter-inneneinrichtungen-mec.de\/WP\/index.php?rest_route=\/wp\/v2\/users\/1"}],"replies":[{"embeddable":true,"href":"https:\/\/xn--stdter-inneneinrichtungen-mec.de\/WP\/index.php?rest_route=%2Fwp%2Fv2%2Fcomments&post=42"}],"version-history":[{"count":2,"href":"https:\/\/xn--stdter-inneneinrichtungen-mec.de\/WP\/index.php?rest_route=\/wp\/v2\/pages\/42\/revisions"}],"predecessor-version":[{"id":203,"href":"https:\/\/xn--stdter-inneneinrichtungen-mec.de\/WP\/index.php?rest_route=\/wp\/v2\/pages\/42\/revisions\/203"}],"wp:attachment":[{"href":"https:\/\/xn--stdter-inneneinrichtungen-mec.de\/WP\/index.php?rest_route=%2Fwp%2Fv2%2Fmedia&parent=42"}],"curies":[{"name":"wp","href":"https:\/\/api.w.org\/{rel}","templated":true}]}}