{"id":58,"date":"2020-01-28T21:44:04","date_gmt":"2020-01-28T21:44:04","guid":{"rendered":"http:\/\/v62vo6a2ovfimlcr.myfritz.net\/wordpress\/?page_id=58"},"modified":"2022-06-18T16:15:58","modified_gmt":"2022-06-18T16:15:58","slug":"kontakt","status":"publish","type":"page","link":"https:\/\/xn--stdter-inneneinrichtungen-mec.de\/WP\/?page_id=58","title":{"rendered":"Kontakt"},"content":{"rendered":"<p><strong>Sanzebergsta\u00dfe 11<\/strong><\/p>\n<p><strong>03042 Cottbus<\/strong><\/p>\n<p><strong>Tel: 0355\/710666<\/strong><\/p>\n<p><strong>Fax: 0355\/4937707<\/strong><\/p>\n<p><strong>E-Mail: staedter@gmx.de<\/strong><\/p>\n<p><strong>Montag\u00a0\u00a0\u00a0\u00a0 \u00a0 \u00a0 \u00a0 10:00 &#8211; 18:00 Uhr<\/strong><\/p>\n<p><strong>Dienstag \u00a0\u00a0\u00a0\u00a0\u00a0\u00a0 10:00 &#8211; 18:00 Uhr<\/strong><\/p>\n<p><strong>Mittwoch \u00a0\u00a0\u00a0\u00a0\u00a0\u00a0 10:00 &#8211; 14:00 Uhr<br \/>\n<\/strong><\/p>\n<p><strong>Donnerstag\u00a0\u00a0\u00a0 10:00 &#8211; 18:00 Uhr<\/strong><\/p>\n<p><strong>Freitag\u00a0\u00a0\u00a0\u00a0\u00a0\u00a0\u00a0\u00a0\u00a0\u00a0 10:00 &#8211; 17:00 Uhr<\/strong><\/p>\n<p><strong>Termine au\u00dferhalb der \u00d6ffnungszeiten nach Vereinbarung auch am Wochenende m\u00f6glich<br \/>\n<\/strong><\/p>\n<p><img loading=\"lazy\" class=\"alignnone size-medium wp-image-77\" src=\"https:\/\/xn--stdter-inneneinrichtungen-mec.de\/WP\/wp-content\/uploads\/2020\/01\/IMG-20200129-WA0014k-300x180.jpg\" alt=\"\" width=\"300\" height=\"180\" srcset=\"https:\/\/xn--stdter-inneneinrichtungen-mec.de\/WP\/wp-content\/uploads\/2020\/01\/IMG-20200129-WA0014k-300x180.jpg 300w, https:\/\/xn--stdter-inneneinrichtungen-mec.de\/WP\/wp-content\/uploads\/2020\/01\/IMG-20200129-WA0014k-1024x614.jpg 1024w, https:\/\/xn--stdter-inneneinrichtungen-mec.de\/WP\/wp-content\/uploads\/2020\/01\/IMG-20200129-WA0014k-768x460.jpg 768w, https:\/\/xn--stdter-inneneinrichtungen-mec.de\/WP\/wp-content\/uploads\/2020\/01\/IMG-20200129-WA0014k-1536x921.jpg 1536w, https:\/\/xn--stdter-inneneinrichtungen-mec.de\/WP\/wp-content\/uploads\/2020\/01\/IMG-20200129-WA0014k-584x350.jpg 584w, https:\/\/xn--stdter-inneneinrichtungen-mec.de\/WP\/wp-content\/uploads\/2020\/01\/IMG-20200129-WA0014k-150x90.jpg 150w, https:\/\/xn--stdter-inneneinrichtungen-mec.de\/WP\/wp-content\/uploads\/2020\/01\/IMG-20200129-WA0014k.jpg 1588w\" sizes=\"(max-width: 300px) 100vw, 300px\" \/><\/p>\n","protected":false},"excerpt":{"rendered":"<p>Sanzebergsta\u00dfe 11 03042 Cottbus Tel: 0355\/710666 Fax: 0355\/4937707 E-Mail: staedter@gmx.de Montag\u00a0\u00a0\u00a0\u00a0 \u00a0 \u00a0 \u00a0 10:00 &#8211; 18:00 Uhr Dienstag \u00a0\u00a0\u00a0\u00a0\u00a0\u00a0 10:00 &#8211; 18:00 Uhr Mittwoch \u00a0\u00a0\u00a0\u00a0\u00a0\u00a0 10:00 &#8211; 14:00 Uhr Donnerstag\u00a0\u00a0\u00a0 10:00 &#8211; 18:00 Uhr Freitag\u00a0\u00a0\u00a0\u00a0\u00a0\u00a0\u00a0\u00a0\u00a0\u00a0 10:00 &#8211; 17:00 Uhr Termine au\u00dferhalb der \u00d6ffnungszeiten nach Vereinbarung auch am Wochenende m\u00f6glich <a class=\"continue-reading-link\" href=\"https:\/\/xn--stdter-inneneinrichtungen-mec.de\/WP\/?page_id=58\">Continue reading<\/a><\/p>\n","protected":false},"author":2,"featured_media":0,"parent":0,"menu_order":7,"comment_status":"closed","ping_status":"closed","template":"","meta":[],"_links":{"self":[{"href":"https:\/\/xn--stdter-inneneinrichtungen-mec.de\/WP\/index.php?rest_route=\/wp\/v2\/pages\/58"}],"collection":[{"href":"https:\/\/xn--stdter-inneneinrichtungen-mec.de\/WP\/index.php?rest_route=\/wp\/v2\/pages"}],"about":[{"href":"https:\/\/xn--stdter-inneneinrichtungen-mec.de\/WP\/index.php?rest_route=\/wp\/v2\/types\/page"}],"author":[{"embeddable":true,"href":"https:\/\/xn--stdter-inneneinrichtungen-mec.de\/WP\/index.php?rest_route=\/wp\/v2\/users\/2"}],"replies":[{"embeddable":true,"href":"https:\/\/xn--stdter-inneneinrichtungen-mec.de\/WP\/index.php?rest_route=%2Fwp%2Fv2%2Fcomments&post=58"}],"version-history":[{"count":8,"href":"https:\/\/xn--stdter-inneneinrichtungen-mec.de\/WP\/index.php?rest_route=\/wp\/v2\/pages\/58\/revisions"}],"predecessor-version":[{"id":219,"href":"https:\/\/xn--stdter-inneneinrichtungen-mec.de\/WP\/index.php?rest_route=\/wp\/v2\/pages\/58\/revisions\/219"}],"wp:attachment":[{"href":"https:\/\/xn--stdter-inneneinrichtungen-mec.de\/WP\/index.php?rest_route=%2Fwp%2Fv2%2Fmedia&parent=58"}],"curies":[{"name":"wp","href":"https:\/\/api.w.org\/{rel}","templated":true}]}}